{"id":53,"date":"2020-02-24T18:01:06","date_gmt":"2020-02-24T18:01:06","guid":{"rendered":"http:\/\/familie-heim.info\/?page_id=53"},"modified":"2020-03-15T09:08:20","modified_gmt":"2020-03-15T09:08:20","slug":"insektenhotel","status":"publish","type":"page","link":"http:\/\/familie-heim.info\/?page_id=53","title":{"rendered":"Insektenhotel"},"content":{"rendered":"\t\t<div data-elementor-type=\"wp-page\" data-elementor-id=\"53\" class=\"elementor elementor-53\">\n\t\t\t\t\t\t<section class=\"elementor-section elementor-top-section elementor-element elementor-element-1d8f672 elementor-section-boxed elementor-section-height-default elementor-section-height-default\" data-id=\"1d8f672\" data-element_type=\"section\">\n\t\t\t\t\t\t<div class=\"elementor-container elementor-column-gap-default\">\n\t\t\t\t\t<div class=\"elementor-column elementor-col-100 elementor-top-column elementor-element elementor-element-bcea056\" data-id=\"bcea056\" data-element_type=\"column\">\n\t\t\t<div class=\"elementor-widget-wrap elementor-element-populated\">\n\t\t\t\t\t\t<div class=\"elementor-element elementor-element-76b8f31 elementor-widget elementor-widget-heading\" data-id=\"76b8f31\" data-element_type=\"widget\" data-widget_type=\"heading.default\">\n\t\t\t\t<div class=\"elementor-widget-container\">\n\t\t\t\t\t<h1 class=\"elementor-heading-title elementor-size-default\">Herstellung eines Insektenhotels:<\/h1>\t\t\t\t<\/div>\n\t\t\t\t<\/div>\n\t\t\t\t<div class=\"elementor-element elementor-element-011b9f4 elementor-widget elementor-widget-text-editor\" data-id=\"011b9f4\" data-element_type=\"widget\" data-widget_type=\"text-editor.default\">\n\t\t\t\t<div class=\"elementor-widget-container\">\n\t\t\t\t\t\t\t\t\t<p><span style=\"font-size: 14px;\">&#8211; Das Verwendete Holz sollte Hartholz sein.<br \/><\/span><span style=\"font-size: 14px;\">&#8211; Die Bohrungen sollte quer zur Stammmitte erfolgen.<br \/><\/span><span style=\"font-size: 14px;\">&#8211; Die Bohrungen sollten sauber sein.<\/span><\/p><p>\u00a0<\/p>\t\t\t\t\t\t\t\t<\/div>\n\t\t\t\t<\/div>\n\t\t\t\t\t<\/div>\n\t\t<\/div>\n\t\t\t\t\t<\/div>\n\t\t<\/section>\n\t\t\t\t<section class=\"elementor-section elementor-top-section elementor-element elementor-element-cd21f7d elementor-section-boxed elementor-section-height-default elementor-section-height-default\" data-id=\"cd21f7d\" data-element_type=\"section\">\n\t\t\t\t\t\t<div class=\"elementor-container elementor-column-gap-default\">\n\t\t\t\t\t<div class=\"elementor-column elementor-col-100 elementor-top-column elementor-element elementor-element-4f81cba\" data-id=\"4f81cba\" data-element_type=\"column\">\n\t\t\t<div class=\"elementor-widget-wrap elementor-element-populated\">\n\t\t\t\t\t\t<div class=\"elementor-element elementor-element-0932fb1 elementor-position-top elementor-widget elementor-widget-image-box\" data-id=\"0932fb1\" data-element_type=\"widget\" data-widget_type=\"image-box.default\">\n\t\t\t\t<div class=\"elementor-widget-container\">\n\t\t\t\t\t<div class=\"elementor-image-box-wrapper\"><figure class=\"elementor-image-box-img\"><img fetchpriority=\"high\" decoding=\"async\" width=\"378\" height=\"794\" src=\"http:\/\/familie-heim.info\/wp-content\/uploads\/2020\/02\/Schablone.jpg\" class=\"attachment-full size-full wp-image-97\" alt=\"\" srcset=\"http:\/\/familie-heim.info\/wp-content\/uploads\/2020\/02\/Schablone.jpg 378w, http:\/\/familie-heim.info\/wp-content\/uploads\/2020\/02\/Schablone-143x300.jpg 143w\" sizes=\"(max-width: 378px) 100vw, 378px\" \/><\/figure><div class=\"elementor-image-box-content\"><h3 class=\"elementor-image-box-title\">Schritt 1 Schablone erstellen<\/h3><p class=\"elementor-image-box-description\">Zuerst habe ich eine Schablone speziell f\u00fcr diesen Holzblock erstellt. Bei der Gestalltung der  Schablone kann man seiner Kreativit\u00e4t freien Lauf lassen. In meinem Fall war die Schablone 10 x 21 cm gro\u00df und sollte ein Gesicht darstellen.<\/p><\/div><\/div>\t\t\t\t<\/div>\n\t\t\t\t<\/div>\n\t\t\t\t\t<\/div>\n\t\t<\/div>\n\t\t\t\t\t<\/div>\n\t\t<\/section>\n\t\t\t\t<section class=\"elementor-section elementor-top-section elementor-element elementor-element-17066f9 elementor-section-boxed elementor-section-height-default elementor-section-height-default\" data-id=\"17066f9\" data-element_type=\"section\">\n\t\t\t\t\t\t<div class=\"elementor-container elementor-column-gap-default\">\n\t\t\t\t\t<div class=\"elementor-column elementor-col-100 elementor-top-column elementor-element elementor-element-86f125e\" data-id=\"86f125e\" data-element_type=\"column\">\n\t\t\t<div class=\"elementor-widget-wrap elementor-element-populated\">\n\t\t\t\t\t\t<section class=\"elementor-section elementor-inner-section elementor-element elementor-element-ffc52cd elementor-section-boxed elementor-section-height-default elementor-section-height-default\" data-id=\"ffc52cd\" data-element_type=\"section\">\n\t\t\t\t\t\t<div class=\"elementor-container elementor-column-gap-default\">\n\t\t\t\t\t<div class=\"elementor-column elementor-col-50 elementor-inner-column elementor-element elementor-element-fed0ed0\" data-id=\"fed0ed0\" data-element_type=\"column\">\n\t\t\t<div class=\"elementor-widget-wrap elementor-element-populated\">\n\t\t\t\t\t\t<div class=\"elementor-element elementor-element-5eeab0d elementor-widget elementor-widget-image\" data-id=\"5eeab0d\" data-element_type=\"widget\" data-widget_type=\"image.default\">\n\t\t\t\t<div class=\"elementor-widget-container\">\n\t\t\t\t\t\t\t\t\t\t\t\t\t\t\t<img decoding=\"async\" width=\"768\" height=\"1365\" src=\"http:\/\/familie-heim.info\/wp-content\/uploads\/2020\/03\/IMG_20200229_152840-768x1365.jpg\" class=\"attachment-medium_large size-medium_large wp-image-107\" alt=\"\" srcset=\"http:\/\/familie-heim.info\/wp-content\/uploads\/2020\/03\/IMG_20200229_152840-768x1365.jpg 768w, http:\/\/familie-heim.info\/wp-content\/uploads\/2020\/03\/IMG_20200229_152840-169x300.jpg 169w, http:\/\/familie-heim.info\/wp-content\/uploads\/2020\/03\/IMG_20200229_152840-576x1024.jpg 576w, http:\/\/familie-heim.info\/wp-content\/uploads\/2020\/03\/IMG_20200229_152840-864x1536.jpg 864w, http:\/\/familie-heim.info\/wp-content\/uploads\/2020\/03\/IMG_20200229_152840-1152x2048.jpg 1152w, http:\/\/familie-heim.info\/wp-content\/uploads\/2020\/03\/IMG_20200229_152840-scaled.jpg 1440w\" sizes=\"(max-width: 768px) 100vw, 768px\" \/>\t\t\t\t\t\t\t\t\t\t\t\t\t\t\t<\/div>\n\t\t\t\t<\/div>\n\t\t\t\t<div class=\"elementor-element elementor-element-0116831 elementor-widget elementor-widget-text-editor\" data-id=\"0116831\" data-element_type=\"widget\" data-widget_type=\"text-editor.default\">\n\t\t\t\t<div class=\"elementor-widget-container\">\n\t\t\t\t\t\t\t\t\t<p>Holzblock mit aufgelegter Schablone<\/p>\t\t\t\t\t\t\t\t<\/div>\n\t\t\t\t<\/div>\n\t\t\t\t\t<\/div>\n\t\t<\/div>\n\t\t\t\t<div class=\"elementor-column elementor-col-50 elementor-inner-column elementor-element elementor-element-c807739\" data-id=\"c807739\" data-element_type=\"column\">\n\t\t\t<div class=\"elementor-widget-wrap elementor-element-populated\">\n\t\t\t\t\t\t<div class=\"elementor-element elementor-element-1e08511 elementor-widget elementor-widget-image\" data-id=\"1e08511\" data-element_type=\"widget\" data-widget_type=\"image.default\">\n\t\t\t\t<div class=\"elementor-widget-container\">\n\t\t\t\t\t\t\t\t\t\t\t\t\t\t\t<img decoding=\"async\" width=\"576\" height=\"1024\" src=\"http:\/\/familie-heim.info\/wp-content\/uploads\/2020\/03\/IMG_20200229_154511-576x1024.jpg\" class=\"attachment-large size-large wp-image-105\" alt=\"\" srcset=\"http:\/\/familie-heim.info\/wp-content\/uploads\/2020\/03\/IMG_20200229_154511-576x1024.jpg 576w, http:\/\/familie-heim.info\/wp-content\/uploads\/2020\/03\/IMG_20200229_154511-169x300.jpg 169w, http:\/\/familie-heim.info\/wp-content\/uploads\/2020\/03\/IMG_20200229_154511-768x1365.jpg 768w, http:\/\/familie-heim.info\/wp-content\/uploads\/2020\/03\/IMG_20200229_154511-864x1536.jpg 864w, http:\/\/familie-heim.info\/wp-content\/uploads\/2020\/03\/IMG_20200229_154511-1152x2048.jpg 1152w, http:\/\/familie-heim.info\/wp-content\/uploads\/2020\/03\/IMG_20200229_154511-scaled.jpg 1440w\" sizes=\"(max-width: 576px) 100vw, 576px\" \/>\t\t\t\t\t\t\t\t\t\t\t\t\t\t\t<\/div>\n\t\t\t\t<\/div>\n\t\t\t\t<div class=\"elementor-element elementor-element-5f92605 elementor-widget elementor-widget-text-editor\" data-id=\"5f92605\" data-element_type=\"widget\" data-widget_type=\"text-editor.default\">\n\t\t\t\t<div class=\"elementor-widget-container\">\n\t\t\t\t\t\t\t\t\t<p>Die ersten L\u00f6cher sind gebohrt. Der Durchmesser der L\u00f6cher sollte zwischen 3 und 8 mm liegen.<br \/>Wichtig ist, dass quer zur Faser gebohrt wird und dass die L\u00f6cher sauber sind.<\/p>\t\t\t\t\t\t\t\t<\/div>\n\t\t\t\t<\/div>\n\t\t\t\t\t<\/div>\n\t\t<\/div>\n\t\t\t\t\t<\/div>\n\t\t<\/section>\n\t\t\t\t\t<\/div>\n\t\t<\/div>\n\t\t\t\t\t<\/div>\n\t\t<\/section>\n\t\t\t\t<section class=\"elementor-section elementor-top-section elementor-element elementor-element-ab2ca7e elementor-section-boxed elementor-section-height-default elementor-section-height-default\" data-id=\"ab2ca7e\" data-element_type=\"section\">\n\t\t\t\t\t\t<div class=\"elementor-container elementor-column-gap-default\">\n\t\t\t\t\t<div class=\"elementor-column elementor-col-100 elementor-top-column elementor-element elementor-element-19fc303\" data-id=\"19fc303\" data-element_type=\"column\">\n\t\t\t<div class=\"elementor-widget-wrap elementor-element-populated\">\n\t\t\t\t\t\t<section class=\"elementor-section elementor-inner-section elementor-element elementor-element-4f3cdea elementor-section-boxed elementor-section-height-default elementor-section-height-default\" data-id=\"4f3cdea\" data-element_type=\"section\">\n\t\t\t\t\t\t<div class=\"elementor-container elementor-column-gap-default\">\n\t\t\t\t\t<div class=\"elementor-column elementor-col-50 elementor-inner-column elementor-element elementor-element-b5dbed6\" data-id=\"b5dbed6\" data-element_type=\"column\">\n\t\t\t<div class=\"elementor-widget-wrap elementor-element-populated\">\n\t\t\t\t\t\t<div class=\"elementor-element elementor-element-2d37159 elementor-widget elementor-widget-image\" data-id=\"2d37159\" data-element_type=\"widget\" data-widget_type=\"image.default\">\n\t\t\t\t<div class=\"elementor-widget-container\">\n\t\t\t\t\t\t\t\t\t\t\t\t\t\t\t<img loading=\"lazy\" decoding=\"async\" width=\"1024\" height=\"576\" src=\"http:\/\/familie-heim.info\/wp-content\/uploads\/2020\/03\/IMG_20200229_161049-1024x576.jpg\" class=\"attachment-large size-large wp-image-102\" alt=\"\" srcset=\"http:\/\/familie-heim.info\/wp-content\/uploads\/2020\/03\/IMG_20200229_161049-1024x576.jpg 1024w, http:\/\/familie-heim.info\/wp-content\/uploads\/2020\/03\/IMG_20200229_161049-300x169.jpg 300w, http:\/\/familie-heim.info\/wp-content\/uploads\/2020\/03\/IMG_20200229_161049-768x432.jpg 768w, http:\/\/familie-heim.info\/wp-content\/uploads\/2020\/03\/IMG_20200229_161049-1536x864.jpg 1536w, http:\/\/familie-heim.info\/wp-content\/uploads\/2020\/03\/IMG_20200229_161049-2048x1152.jpg 2048w\" sizes=\"(max-width: 1024px) 100vw, 1024px\" \/>\t\t\t\t\t\t\t\t\t\t\t\t\t\t\t<\/div>\n\t\t\t\t<\/div>\n\t\t\t\t\t<\/div>\n\t\t<\/div>\n\t\t\t\t<div class=\"elementor-column elementor-col-50 elementor-inner-column elementor-element elementor-element-5282775\" data-id=\"5282775\" data-element_type=\"column\">\n\t\t\t<div class=\"elementor-widget-wrap elementor-element-populated\">\n\t\t\t\t\t\t<div class=\"elementor-element elementor-element-8f8ce5d elementor-widget elementor-widget-text-editor\" data-id=\"8f8ce5d\" data-element_type=\"widget\" data-widget_type=\"text-editor.default\">\n\t\t\t\t<div class=\"elementor-widget-container\">\n\t\t\t\t\t\t\t\t\t<p>Mein fertig gebohrtes Holzst\u00fcck sieht wie links abgebildet aus. Mit dem Akkubohrer habe ich ca. 40 Minuten f\u00fcr die L\u00f6cher ben\u00f6tigt. Was jetzt noch fehlt ist ein Dach.<\/p>\t\t\t\t\t\t\t\t<\/div>\n\t\t\t\t<\/div>\n\t\t\t\t\t<\/div>\n\t\t<\/div>\n\t\t\t\t\t<\/div>\n\t\t<\/section>\n\t\t\t\t\t<\/div>\n\t\t<\/div>\n\t\t\t\t\t<\/div>\n\t\t<\/section>\n\t\t\t\t<section class=\"elementor-section elementor-top-section elementor-element elementor-element-bd4444b elementor-section-boxed elementor-section-height-default elementor-section-height-default\" data-id=\"bd4444b\" data-element_type=\"section\">\n\t\t\t\t\t\t<div class=\"elementor-container elementor-column-gap-default\">\n\t\t\t\t\t<div class=\"elementor-column elementor-col-100 elementor-top-column elementor-element elementor-element-975026c\" data-id=\"975026c\" data-element_type=\"column\">\n\t\t\t<div class=\"elementor-widget-wrap elementor-element-populated\">\n\t\t\t\t\t\t<section class=\"elementor-section elementor-inner-section elementor-element elementor-element-6f2b404 elementor-section-boxed elementor-section-height-default elementor-section-height-default\" data-id=\"6f2b404\" data-element_type=\"section\">\n\t\t\t\t\t\t<div class=\"elementor-container elementor-column-gap-default\">\n\t\t\t\t\t<div class=\"elementor-column elementor-col-50 elementor-inner-column elementor-element elementor-element-356b4d5\" data-id=\"356b4d5\" data-element_type=\"column\">\n\t\t\t<div class=\"elementor-widget-wrap elementor-element-populated\">\n\t\t\t\t\t\t<div class=\"elementor-element elementor-element-b3a0eda elementor-widget elementor-widget-text-editor\" data-id=\"b3a0eda\" data-element_type=\"widget\" data-widget_type=\"text-editor.default\">\n\t\t\t\t<div class=\"elementor-widget-container\">\n\t\t\t\t\t\t\t\t\t<p>LDas fertige Insektenhotel an seinem Platz. Ich habe zus\u00e4tzlich noch ein Dach angebracht, da das Hotel vor Regen gesch\u00fctzt sein sollte. Dann wurde es nach S\u00fcden ausgerichtet aufgeh\u00e4ngt. <br><\/p><p>So und jetzt wird gewartet ob sich Hotelg\u00e4ste einfinden.<br><\/p>\t\t\t\t\t\t\t\t<\/div>\n\t\t\t\t<\/div>\n\t\t\t\t\t<\/div>\n\t\t<\/div>\n\t\t\t\t<div class=\"elementor-column elementor-col-50 elementor-inner-column elementor-element elementor-element-282e77a\" data-id=\"282e77a\" data-element_type=\"column\">\n\t\t\t<div class=\"elementor-widget-wrap elementor-element-populated\">\n\t\t\t\t\t\t<div class=\"elementor-element elementor-element-d63817a elementor-widget elementor-widget-image\" data-id=\"d63817a\" data-element_type=\"widget\" data-widget_type=\"image.default\">\n\t\t\t\t<div class=\"elementor-widget-container\">\n\t\t\t\t\t\t\t\t\t\t\t\t\t\t\t<img loading=\"lazy\" decoding=\"async\" width=\"1024\" height=\"576\" src=\"http:\/\/familie-heim.info\/wp-content\/uploads\/2020\/03\/IMG_20200314_175636-1024x576.jpg\" class=\"attachment-large size-large wp-image-135\" alt=\"\" srcset=\"http:\/\/familie-heim.info\/wp-content\/uploads\/2020\/03\/IMG_20200314_175636-1024x576.jpg 1024w, http:\/\/familie-heim.info\/wp-content\/uploads\/2020\/03\/IMG_20200314_175636-300x169.jpg 300w, http:\/\/familie-heim.info\/wp-content\/uploads\/2020\/03\/IMG_20200314_175636-768x432.jpg 768w, http:\/\/familie-heim.info\/wp-content\/uploads\/2020\/03\/IMG_20200314_175636-1536x864.jpg 1536w, http:\/\/familie-heim.info\/wp-content\/uploads\/2020\/03\/IMG_20200314_175636-2048x1152.jpg 2048w\" sizes=\"(max-width: 1024px) 100vw, 1024px\" \/>\t\t\t\t\t\t\t\t\t\t\t\t\t\t\t<\/div>\n\t\t\t\t<\/div>\n\t\t\t\t\t<\/div>\n\t\t<\/div>\n\t\t\t\t\t<\/div>\n\t\t<\/section>\n\t\t\t\t\t<\/div>\n\t\t<\/div>\n\t\t\t\t\t<\/div>\n\t\t<\/section>\n\t\t\t\t<\/div>\n\t\t","protected":false},"excerpt":{"rendered":"<p>Herstellung eines Insektenhotels: &#8211; Das Verwendete Holz sollte Hartholz sein.&#8211; Die Bohrungen sollte quer zur Stammmitte erfolgen.&#8211; Die Bohrungen sollten sauber sein. \u00a0 Schritt 1 Schablone erstellen Zuerst habe ich eine Schablone speziell f\u00fcr diesen Holzblock erstellt. Bei der Gestalltung der Schablone kann man seiner Kreativit\u00e4t freien Lauf lassen. In meinem Fall war die Schablone [&hellip;]<\/p>\n","protected":false},"author":1,"featured_media":0,"parent":0,"menu_order":0,"comment_status":"closed","ping_status":"closed","template":"","meta":{"ocean_post_layout":"","ocean_both_sidebars_style":"","ocean_both_sidebars_content_width":0,"ocean_both_sidebars_sidebars_width":0,"ocean_sidebar":"0","ocean_second_sidebar":"0","ocean_disable_margins":"enable","ocean_add_body_class":"","ocean_shortcode_before_top_bar":"","ocean_shortcode_after_top_bar":"","ocean_shortcode_before_header":"","ocean_shortcode_after_header":"","ocean_has_shortcode":"","ocean_shortcode_after_title":"","ocean_shortcode_before_footer_widgets":"","ocean_shortcode_after_footer_widgets":"","ocean_shortcode_before_footer_bottom":"","ocean_shortcode_after_footer_bottom":"","ocean_display_top_bar":"off","ocean_display_header":"on","ocean_header_style":"","ocean_center_header_left_menu":"0","ocean_custom_header_template":"0","ocean_custom_logo":0,"ocean_custom_retina_logo":0,"ocean_custom_logo_max_width":0,"ocean_custom_logo_tablet_max_width":0,"ocean_custom_logo_mobile_max_width":0,"ocean_custom_logo_max_height":0,"ocean_custom_logo_tablet_max_height":0,"ocean_custom_logo_mobile_max_height":0,"ocean_header_custom_menu":"0","ocean_menu_typo_font_family":"0","ocean_menu_typo_font_subset":"","ocean_menu_typo_font_size":0,"ocean_menu_typo_font_size_tablet":0,"ocean_menu_typo_font_size_mobile":0,"ocean_menu_typo_font_size_unit":"px","ocean_menu_typo_font_weight":"","ocean_menu_typo_font_weight_tablet":"","ocean_menu_typo_font_weight_mobile":"","ocean_menu_typo_transform":"","ocean_menu_typo_transform_tablet":"","ocean_menu_typo_transform_mobile":"","ocean_menu_typo_line_height":0,"ocean_menu_typo_line_height_tablet":0,"ocean_menu_typo_line_height_mobile":0,"ocean_menu_typo_line_height_unit":"","ocean_menu_typo_spacing":0,"ocean_menu_typo_spacing_tablet":0,"ocean_menu_typo_spacing_mobile":0,"ocean_menu_typo_spacing_unit":"","ocean_menu_link_color":"","ocean_menu_link_color_hover":"","ocean_menu_link_color_active":"","ocean_menu_link_background":"","ocean_menu_link_hover_background":"","ocean_menu_link_active_background":"","ocean_menu_social_links_bg":"","ocean_menu_social_hover_links_bg":"","ocean_menu_social_links_color":"","ocean_menu_social_hover_links_color":"","ocean_disable_title":"on","ocean_disable_heading":"default","ocean_post_title":"","ocean_post_subheading":"","ocean_post_title_style":"","ocean_post_title_background_color":"","ocean_post_title_background":0,"ocean_post_title_bg_image_position":"","ocean_post_title_bg_image_attachment":"","ocean_post_title_bg_image_repeat":"","ocean_post_title_bg_image_size":"","ocean_post_title_height":0,"ocean_post_title_bg_overlay":0.5,"ocean_post_title_bg_overlay_color":"","ocean_disable_breadcrumbs":"default","ocean_breadcrumbs_color":"","ocean_breadcrumbs_separator_color":"","ocean_breadcrumbs_links_color":"","ocean_breadcrumbs_links_hover_color":"","ocean_display_footer_widgets":"default","ocean_display_footer_bottom":"default","ocean_custom_footer_template":"0","footnotes":""},"class_list":["post-53","page","type-page","status-publish","hentry","entry"],"_links":{"self":[{"href":"http:\/\/familie-heim.info\/index.php?rest_route=\/wp\/v2\/pages\/53","targetHints":{"allow":["GET"]}}],"collection":[{"href":"http:\/\/familie-heim.info\/index.php?rest_route=\/wp\/v2\/pages"}],"about":[{"href":"http:\/\/familie-heim.info\/index.php?rest_route=\/wp\/v2\/types\/page"}],"author":[{"embeddable":true,"href":"http:\/\/familie-heim.info\/index.php?rest_route=\/wp\/v2\/users\/1"}],"replies":[{"embeddable":true,"href":"http:\/\/familie-heim.info\/index.php?rest_route=%2Fwp%2Fv2%2Fcomments&post=53"}],"version-history":[{"count":13,"href":"http:\/\/familie-heim.info\/index.php?rest_route=\/wp\/v2\/pages\/53\/revisions"}],"predecessor-version":[{"id":136,"href":"http:\/\/familie-heim.info\/index.php?rest_route=\/wp\/v2\/pages\/53\/revisions\/136"}],"wp:attachment":[{"href":"http:\/\/familie-heim.info\/index.php?rest_route=%2Fwp%2Fv2%2Fmedia&parent=53"}],"curies":[{"name":"wp","href":"https:\/\/api.w.org\/{rel}","templated":true}]}}