{"id":222,"date":"2025-01-11T19:46:51","date_gmt":"2025-01-11T19:46:51","guid":{"rendered":"http:\/\/familie-heim.info\/?page_id=222"},"modified":"2025-01-14T16:56:39","modified_gmt":"2025-01-14T16:56:39","slug":"wanderung-zum-60-jaehrigen-jubilaeum","status":"publish","type":"page","link":"http:\/\/familie-heim.info\/?page_id=222","title":{"rendered":"Wanderung zum 60. j\u00e4hrigen Jubil\u00e4um"},"content":{"rendered":"\n<p class=\"has-medium-font-size\">Der NVV war lange Zeit Ausrichter eines Volkswandertages in Schn\u00fcrpflingen zu unserem 60 j\u00e4hrigen Jubil\u00e4um m\u00f6chten wir daran erinnern und eine Wanderung mit Schnitzeljagt (Geochaching) zum Mitmachen anbieten. Die Schnitzeljagt kann auch gerne mit Kindern gespielt werden.<\/p>\n\n\n\n<p class=\"has-medium-font-size\">Die Schnitzeljagt ist ca. 2,5 Km lang, dabei sind 5 Punkte zu (Be-) suchen. Dort sind dann Fragen zu Beantworten. Werden alle Fragen richtig beantwortet erh\u00e4lt man die Koordinaten f\u00fcr den Finalen Schatz.<\/p>\n\n\n\n<p class=\"has-medium-font-size\">Gesucht wird jeweils ein QR-Code. Lest diesen bitte mit dem Smart und beantwortet die gestellten Fragen.<\/p>\n\n\n\n<p>Die zu suchenden Punkte erhaltet ihr wenn ihr auf den Link unten klickt. Daduch wird Google-Maps ge\u00f6ffnet und ihr k\u00f6nnt loslegen.<\/p>\n\n\n\n<h2 class=\"wp-block-heading\"><a href=\"https:\/\/www.google.com\/maps\/d\/edit?mid=1dd-IOoLyclhxVcZbp6P1c2AJbIOK3-4&amp;usp=sharing\" target=\"_blank\" rel=\"noreferrer noopener\">Karte mit Route und den Punkten mit den R\u00e4tseln.<\/a><\/h2>\n\n\n\n<p><\/p>\n\n\n\n<hr class=\"wp-block-separator has-alpha-channel-opacity\"\/>\n\n\n\n<p><\/p>\n","protected":false},"excerpt":{"rendered":"<p>Der NVV war lange Zeit Ausrichter eines Volkswandertages in Schn\u00fcrpflingen zu unserem 60 j\u00e4hrigen Jubil\u00e4um m\u00f6chten wir daran erinnern und eine Wanderung mit Schnitzeljagt (Geochaching) zum Mitmachen anbieten. Die Schnitzeljagt kann auch gerne mit Kindern gespielt werden. Die Schnitzeljagt ist ca. 2,5 Km lang, dabei sind 5 Punkte zu (Be-) suchen. Dort sind dann Fragen [&hellip;]<\/p>\n","protected":false},"author":1,"featured_media":0,"parent":0,"menu_order":0,"comment_status":"closed","ping_status":"closed","template":"","meta":{"ocean_post_layout":"","ocean_both_sidebars_style":"","ocean_both_sidebars_content_width":0,"ocean_both_sidebars_sidebars_width":0,"ocean_sidebar":"","ocean_second_sidebar":"","ocean_disable_margins":"enable","ocean_add_body_class":"","ocean_shortcode_before_top_bar":"","ocean_shortcode_after_top_bar":"","ocean_shortcode_before_header":"","ocean_shortcode_after_header":"","ocean_has_shortcode":"","ocean_shortcode_after_title":"","ocean_shortcode_before_footer_widgets":"","ocean_shortcode_after_footer_widgets":"","ocean_shortcode_before_footer_bottom":"","ocean_shortcode_after_footer_bottom":"","ocean_display_top_bar":"default","ocean_display_header":"default","ocean_header_style":"","ocean_center_header_left_menu":"","ocean_custom_header_template":"","ocean_custom_logo":0,"ocean_custom_retina_logo":0,"ocean_custom_logo_max_width":0,"ocean_custom_logo_tablet_max_width":0,"ocean_custom_logo_mobile_max_width":0,"ocean_custom_logo_max_height":0,"ocean_custom_logo_tablet_max_height":0,"ocean_custom_logo_mobile_max_height":0,"ocean_header_custom_menu":"","ocean_menu_typo_font_family":"","ocean_menu_typo_font_subset":"","ocean_menu_typo_font_size":0,"ocean_menu_typo_font_size_tablet":0,"ocean_menu_typo_font_size_mobile":0,"ocean_menu_typo_font_size_unit":"px","ocean_menu_typo_font_weight":"","ocean_menu_typo_font_weight_tablet":"","ocean_menu_typo_font_weight_mobile":"","ocean_menu_typo_transform":"","ocean_menu_typo_transform_tablet":"","ocean_menu_typo_transform_mobile":"","ocean_menu_typo_line_height":0,"ocean_menu_typo_line_height_tablet":0,"ocean_menu_typo_line_height_mobile":0,"ocean_menu_typo_line_height_unit":"","ocean_menu_typo_spacing":0,"ocean_menu_typo_spacing_tablet":0,"ocean_menu_typo_spacing_mobile":0,"ocean_menu_typo_spacing_unit":"","ocean_menu_link_color":"","ocean_menu_link_color_hover":"","ocean_menu_link_color_active":"","ocean_menu_link_background":"","ocean_menu_link_hover_background":"","ocean_menu_link_active_background":"","ocean_menu_social_links_bg":"","ocean_menu_social_hover_links_bg":"","ocean_menu_social_links_color":"","ocean_menu_social_hover_links_color":"","ocean_disable_title":"default","ocean_disable_heading":"default","ocean_post_title":"","ocean_post_subheading":"","ocean_post_title_style":"","ocean_post_title_background_color":"","ocean_post_title_background":0,"ocean_post_title_bg_image_position":"","ocean_post_title_bg_image_attachment":"","ocean_post_title_bg_image_repeat":"","ocean_post_title_bg_image_size":"","ocean_post_title_height":0,"ocean_post_title_bg_overlay":0.5,"ocean_post_title_bg_overlay_color":"","ocean_disable_breadcrumbs":"default","ocean_breadcrumbs_color":"","ocean_breadcrumbs_separator_color":"","ocean_breadcrumbs_links_color":"","ocean_breadcrumbs_links_hover_color":"","ocean_display_footer_widgets":"default","ocean_display_footer_bottom":"default","ocean_custom_footer_template":"","footnotes":""},"class_list":["post-222","page","type-page","status-publish","hentry","entry"],"_links":{"self":[{"href":"http:\/\/familie-heim.info\/index.php?rest_route=\/wp\/v2\/pages\/222","targetHints":{"allow":["GET"]}}],"collection":[{"href":"http:\/\/familie-heim.info\/index.php?rest_route=\/wp\/v2\/pages"}],"about":[{"href":"http:\/\/familie-heim.info\/index.php?rest_route=\/wp\/v2\/types\/page"}],"author":[{"embeddable":true,"href":"http:\/\/familie-heim.info\/index.php?rest_route=\/wp\/v2\/users\/1"}],"replies":[{"embeddable":true,"href":"http:\/\/familie-heim.info\/index.php?rest_route=%2Fwp%2Fv2%2Fcomments&post=222"}],"version-history":[{"count":4,"href":"http:\/\/familie-heim.info\/index.php?rest_route=\/wp\/v2\/pages\/222\/revisions"}],"predecessor-version":[{"id":237,"href":"http:\/\/familie-heim.info\/index.php?rest_route=\/wp\/v2\/pages\/222\/revisions\/237"}],"wp:attachment":[{"href":"http:\/\/familie-heim.info\/index.php?rest_route=%2Fwp%2Fv2%2Fmedia&parent=222"}],"curies":[{"name":"wp","href":"https:\/\/api.w.org\/{rel}","templated":true}]}}