{"id":175,"date":"2025-01-11T13:26:57","date_gmt":"2025-01-11T13:26:57","guid":{"rendered":"http:\/\/familie-heim.info\/?page_id=175"},"modified":"2025-07-19T19:11:26","modified_gmt":"2025-07-19T19:11:26","slug":"sternenfotografie","status":"publish","type":"page","link":"http:\/\/familie-heim.info\/?page_id=175","title":{"rendered":"Sternenfotografie"},"content":{"rendered":"\t\t<div data-elementor-type=\"wp-page\" data-elementor-id=\"175\" class=\"elementor elementor-175\">\n\t\t\t\t\t\t<section class=\"elementor-section elementor-top-section elementor-element elementor-element-7d9ad3e8 elementor-section-boxed elementor-section-height-default elementor-section-height-default\" data-id=\"7d9ad3e8\" data-element_type=\"section\">\n\t\t\t\t\t\t<div class=\"elementor-container elementor-column-gap-default\">\n\t\t\t\t\t<div class=\"elementor-column elementor-col-100 elementor-top-column elementor-element elementor-element-45115dd\" data-id=\"45115dd\" data-element_type=\"column\">\n\t\t\t<div class=\"elementor-widget-wrap elementor-element-populated\">\n\t\t\t\t\t\t<div class=\"elementor-element elementor-element-3702cd44 elementor-widget elementor-widget-text-editor\" data-id=\"3702cd44\" data-element_type=\"widget\" data-widget_type=\"text-editor.default\">\n\t\t\t\t<div class=\"elementor-widget-container\">\n\t\t\t\t\t\t\t\t\t<h2 class=\"wp-block-heading\" style=\"font-size: 38px; line-height: 1.4;\"><strong>Akutell versuchen Tobias und ich uns damit Sterne zu Fotogrfieren. Hier unsere Ergebnisse.<\/strong><\/h2>\n<p><!-- \/wp:heading --><!-- wp:columns --><\/p>\n<div class=\"wp-block-columns\">\n<p><!-- wp:column --><\/p>\n<div class=\"wp-block-column\">\n<p><!-- wp:paragraph {\"style\":{\"typography\":{\"fontSize\":\"20px\"}}} --><\/p>\n<p style=\"font-size: 20px;\">Bei unserem ersten Versuch im Januar 2025 haben wir einige sch\u00f6ne Fotos des Mondes gemacht. Dabei haben wir an meinem uralten Teleskop mit Adapter f\u00fcr eine Handyhalterung die nebenstehenden Aufnahmen gemacht.<\/p>\n<p><!-- \/wp:paragraph --><!-- wp:list --><\/p>\n<ul class=\"wp-block-list\">\n<li style=\"list-style-type: none;\">\n<ul class=\"wp-block-list\"><!-- wp:list-item --><\/ul>\n<\/li>\n<\/ul>\n<ul class=\"wp-block-list\">\n<li style=\"list-style-type: none;\">\n<ul class=\"wp-block-list\">\n<li>Bresser Teleskop uralt<\/li>\n<\/ul>\n<\/li>\n<\/ul>\n<p><!-- \/wp:list-item --><!-- wp:list-item --><\/p>\n<ul class=\"wp-block-list\">\n<li style=\"list-style-type: none;\">\n<ul class=\"wp-block-list\">\n<li>Handy Huawei P Smart<\/li>\n<\/ul>\n<\/li>\n<\/ul>\n<p><!-- \/wp:list-item --><\/p>\n<p><!-- \/wp:list --><\/p>\n<\/div>\n<p><!-- \/wp:column --><!-- wp:column --><\/p>\n<div class=\"wp-block-column\">\n<p><!-- wp:paragraph {\"style\":{\"typography\":{\"fontSize\":18}}} --><\/p>\n<p style=\"font-size: 18px;\">\u00a0<\/p>\n<p><!-- \/wp:paragraph --><!-- wp:image {\"id\":225,\"sizeSlug\":\"large\",\"linkDestination\":\"none\"} --><\/p>\n<figure class=\"wp-block-image size-large\"><img fetchpriority=\"high\" decoding=\"async\" width=\"768\" height=\"1024\" class=\"wp-image-225\" src=\"http:\/\/familie-heim.info\/wp-content\/uploads\/2025\/01\/IMG_20250111_210723-768x1024.jpg\" alt=\"\" srcset=\"http:\/\/familie-heim.info\/wp-content\/uploads\/2025\/01\/IMG_20250111_210723-768x1024.jpg 768w, http:\/\/familie-heim.info\/wp-content\/uploads\/2025\/01\/IMG_20250111_210723-225x300.jpg 225w, http:\/\/familie-heim.info\/wp-content\/uploads\/2025\/01\/IMG_20250111_210723-1152x1536.jpg 1152w, http:\/\/familie-heim.info\/wp-content\/uploads\/2025\/01\/IMG_20250111_210723-1536x2048.jpg 1536w, http:\/\/familie-heim.info\/wp-content\/uploads\/2025\/01\/IMG_20250111_210723-scaled.jpg 1920w\" sizes=\"(max-width: 768px) 100vw, 768px\" \/><\/figure>\n<p><!-- \/wp:image --><\/p>\n<\/div>\n<p><!-- \/wp:column --><\/p>\n<\/div>\n<p><!-- \/wp:columns --><!-- wp:media-text {\"mediaId\":240,\"mediaLink\":\"http:\/\/familie-heim.info\/?attachment_id=240\",\"mediaType\":\"image\"} --><\/p>\n<div class=\"wp-block-media-text is-stacked-on-mobile\">\n<figure class=\"wp-block-media-text__media\"><img decoding=\"async\" width=\"945\" height=\"833\" class=\"wp-image-240 size-full\" src=\"http:\/\/familie-heim.info\/wp-content\/uploads\/2025\/01\/Jupiter_2.jpg\" alt=\"\" srcset=\"http:\/\/familie-heim.info\/wp-content\/uploads\/2025\/01\/Jupiter_2.jpg 945w, http:\/\/familie-heim.info\/wp-content\/uploads\/2025\/01\/Jupiter_2-300x264.jpg 300w, http:\/\/familie-heim.info\/wp-content\/uploads\/2025\/01\/Jupiter_2-768x677.jpg 768w\" sizes=\"(max-width: 945px) 100vw, 945px\" \/><\/figure>\n<div class=\"wp-block-media-text__content\">\n<p><!-- wp:paragraph {\"placeholder\":\"Inhalt\u00a0\u2026\",\"fontSize\":\"medium\"} --><\/p>\n<p class=\"has-medium-font-size\">Hier mein erster Versuch den Jupiter zu Fotografieren. Mit etwas Phantasie kann man einige B\u00e4nder erkennen. Es ist wirklich nicht einfach den Planeten im Fokus zu behalten.<\/p>\n<p><!-- \/wp:paragraph --><\/p>\n<\/div>\n<\/div>\n<p><!-- \/wp:media-text --><!-- wp:media-text {\"mediaId\":241,\"mediaLink\":\"http:\/\/familie-heim.info\/?attachment_id=241\",\"mediaType\":\"image\"} --><\/p>\n<div class=\"wp-block-media-text is-stacked-on-mobile\">\n<figure class=\"wp-block-media-text__media\"><img decoding=\"async\" width=\"1024\" height=\"912\" class=\"wp-image-241 size-full\" src=\"http:\/\/familie-heim.info\/wp-content\/uploads\/2025\/01\/Jupiter_mit_Monden-1024x912.jpg\" alt=\"\" srcset=\"http:\/\/familie-heim.info\/wp-content\/uploads\/2025\/01\/Jupiter_mit_Monden-1024x912.jpg 1024w, http:\/\/familie-heim.info\/wp-content\/uploads\/2025\/01\/Jupiter_mit_Monden-300x267.jpg 300w, http:\/\/familie-heim.info\/wp-content\/uploads\/2025\/01\/Jupiter_mit_Monden-768x684.jpg 768w, http:\/\/familie-heim.info\/wp-content\/uploads\/2025\/01\/Jupiter_mit_Monden-1536x1368.jpg 1536w, http:\/\/familie-heim.info\/wp-content\/uploads\/2025\/01\/Jupiter_mit_Monden-2048x1824.jpg 2048w\" sizes=\"(max-width: 1024px) 100vw, 1024px\" \/><\/figure>\n<div class=\"wp-block-media-text__content\">\n<p><!-- wp:paragraph {\"placeholder\":\"Inhalt\u00a0\u2026\",\"fontSize\":\"medium\"} --><\/p>\n<p class=\"has-medium-font-size\">Auf diesem Bild ist die Verg\u00f6\u00dferung nich so stark. Man erkennt zus\u00e4tzlich zum Jupiter nocht 3 Monde. Leider ist der Jupiter selbst zu hell geraten. <br \/>Aufnahme vom 29.01.2025<br \/>Aufgeno<span style=\"font-size: 20px;\">mmen mit meinem Handy<\/span><\/p>\n<p><!-- \/wp:paragraph --><\/p>\n<\/div>\n<\/div>\n<p><!-- \/wp:media-text --><!-- wp:image {\"id\":246,\"sizeSlug\":\"medium\",\"linkDestination\":\"none\"} --><\/p>\n<figure class=\"wp-block-image size-medium\"><\/figure>\n<p><!-- \/wp:image --><\/p>\t\t\t\t\t\t\t\t<\/div>\n\t\t\t\t<\/div>\n\t\t\t\t<div class=\"elementor-element elementor-element-3835037 elementor-widget elementor-widget-heading\" data-id=\"3835037\" data-element_type=\"widget\" data-widget_type=\"heading.default\">\n\t\t\t\t<div class=\"elementor-widget-container\">\n\t\t\t\t\t<h2 class=\"elementor-heading-title elementor-size-default\">In diesem Abschnitt geht es um unsere ersten Versuche die Milschstrasse zu Fotografieren<\/h2>\t\t\t\t<\/div>\n\t\t\t\t<\/div>\n\t\t\t\t<div class=\"elementor-element elementor-element-f6d6b90 elementor-widget elementor-widget-image\" data-id=\"f6d6b90\" data-element_type=\"widget\" data-widget_type=\"image.default\">\n\t\t\t\t<div class=\"elementor-widget-container\">\n\t\t\t\t\t\t\t\t\t\t\t\t<figure class=\"wp-caption\">\n\t\t\t\t\t\t\t\t\t\t<img loading=\"lazy\" decoding=\"async\" width=\"2048\" height=\"1536\" src=\"http:\/\/familie-heim.info\/wp-content\/uploads\/2025\/07\/Milchstrasse_1-1-2048x1536.jpg\" class=\"attachment-2048x2048 size-2048x2048 wp-image-248\" alt=\"\" srcset=\"http:\/\/familie-heim.info\/wp-content\/uploads\/2025\/07\/Milchstrasse_1-1-2048x1536.jpg 2048w, http:\/\/familie-heim.info\/wp-content\/uploads\/2025\/07\/Milchstrasse_1-1-300x225.jpg 300w, http:\/\/familie-heim.info\/wp-content\/uploads\/2025\/07\/Milchstrasse_1-1-1024x768.jpg 1024w, http:\/\/familie-heim.info\/wp-content\/uploads\/2025\/07\/Milchstrasse_1-1-768x576.jpg 768w, http:\/\/familie-heim.info\/wp-content\/uploads\/2025\/07\/Milchstrasse_1-1-1536x1152.jpg 1536w\" sizes=\"(max-width: 2048px) 100vw, 2048px\" \/>\t\t\t\t\t\t\t\t\t\t\t<figcaption class=\"widget-image-caption wp-caption-text\"><\/figcaption>\n\t\t\t\t\t\t\t\t\t\t<\/figure>\n\t\t\t\t\t\t\t\t\t<\/div>\n\t\t\t\t<\/div>\n\t\t\t\t<div class=\"elementor-element elementor-element-41ef74f elementor-widget__width-initial elementor-widget elementor-widget-image\" data-id=\"41ef74f\" data-element_type=\"widget\" data-widget_type=\"image.default\">\n\t\t\t\t<div class=\"elementor-widget-container\">\n\t\t\t\t\t\t\t\t\t\t\t\t\t\t\t<img loading=\"lazy\" decoding=\"async\" width=\"2048\" height=\"1536\" src=\"http:\/\/familie-heim.info\/wp-content\/uploads\/2025\/07\/Milchstrasse_2-2048x1536.jpg\" class=\"attachment-2048x2048 size-2048x2048 wp-image-249\" alt=\"\" srcset=\"http:\/\/familie-heim.info\/wp-content\/uploads\/2025\/07\/Milchstrasse_2-2048x1536.jpg 2048w, http:\/\/familie-heim.info\/wp-content\/uploads\/2025\/07\/Milchstrasse_2-300x225.jpg 300w, http:\/\/familie-heim.info\/wp-content\/uploads\/2025\/07\/Milchstrasse_2-1024x768.jpg 1024w, http:\/\/familie-heim.info\/wp-content\/uploads\/2025\/07\/Milchstrasse_2-768x576.jpg 768w, http:\/\/familie-heim.info\/wp-content\/uploads\/2025\/07\/Milchstrasse_2-1536x1152.jpg 1536w\" sizes=\"(max-width: 2048px) 100vw, 2048px\" \/>\t\t\t\t\t\t\t\t\t\t\t\t\t\t\t<\/div>\n\t\t\t\t<\/div>\n\t\t\t\t<section class=\"elementor-section elementor-inner-section elementor-element elementor-element-b238ae1 elementor-section-boxed elementor-section-height-default elementor-section-height-default\" data-id=\"b238ae1\" data-element_type=\"section\">\n\t\t\t\t\t\t<div class=\"elementor-container elementor-column-gap-default\">\n\t\t\t\t\t<div class=\"elementor-column elementor-col-50 elementor-inner-column elementor-element elementor-element-4b46c7a\" data-id=\"4b46c7a\" data-element_type=\"column\">\n\t\t\t<div class=\"elementor-widget-wrap elementor-element-populated\">\n\t\t\t\t\t\t<div class=\"elementor-element elementor-element-e93bbe8 elementor-widget__width-initial elementor-widget elementor-widget-text-editor\" data-id=\"e93bbe8\" data-element_type=\"widget\" data-widget_type=\"text-editor.default\">\n\t\t\t\t<div class=\"elementor-widget-container\">\n\t\t\t\t\t\t\t\t\t<p>\u00a0<\/p>\n<p>Am gleichen Ort am &#8222;Hagenberg&#8220; in Beuren aufgenommen. Der Helligkeitsunterschied kommt von den unterschiedlichen Einstellungen der Kamera<\/p>\n<p>Die Bilder wurden am 01. Mai 2025 aufgenommen.\u00a0<\/p>\t\t\t\t\t\t\t\t<\/div>\n\t\t\t\t<\/div>\n\t\t\t\t<div class=\"elementor-element elementor-element-9c4dd8c elementor-widget elementor-widget-image\" data-id=\"9c4dd8c\" data-element_type=\"widget\" data-widget_type=\"image.default\">\n\t\t\t\t<div class=\"elementor-widget-container\">\n\t\t\t\t\t\t\t\t\t\t\t\t\t\t\t<img loading=\"lazy\" decoding=\"async\" width=\"1024\" height=\"768\" src=\"http:\/\/familie-heim.info\/wp-content\/uploads\/2025\/07\/Milchstrasse_3-1024x768.jpg\" class=\"attachment-large size-large wp-image-250\" alt=\"\" srcset=\"http:\/\/familie-heim.info\/wp-content\/uploads\/2025\/07\/Milchstrasse_3-1024x768.jpg 1024w, http:\/\/familie-heim.info\/wp-content\/uploads\/2025\/07\/Milchstrasse_3-300x225.jpg 300w, http:\/\/familie-heim.info\/wp-content\/uploads\/2025\/07\/Milchstrasse_3-768x576.jpg 768w, http:\/\/familie-heim.info\/wp-content\/uploads\/2025\/07\/Milchstrasse_3-1536x1152.jpg 1536w, http:\/\/familie-heim.info\/wp-content\/uploads\/2025\/07\/Milchstrasse_3-2048x1536.jpg 2048w\" sizes=\"(max-width: 1024px) 100vw, 1024px\" \/>\t\t\t\t\t\t\t\t\t\t\t\t\t\t\t<\/div>\n\t\t\t\t<\/div>\n\t\t\t\t\t<\/div>\n\t\t<\/div>\n\t\t\t\t<div class=\"elementor-column elementor-col-50 elementor-inner-column elementor-element elementor-element-d811dcd\" data-id=\"d811dcd\" data-element_type=\"column\">\n\t\t\t<div class=\"elementor-widget-wrap elementor-element-populated\">\n\t\t\t\t\t\t<div class=\"elementor-element elementor-element-3b88fd7 elementor-widget elementor-widget-image\" data-id=\"3b88fd7\" data-element_type=\"widget\" data-widget_type=\"image.default\">\n\t\t\t\t<div class=\"elementor-widget-container\">\n\t\t\t\t\t\t\t\t\t\t\t\t\t\t\t<img loading=\"lazy\" decoding=\"async\" width=\"2048\" height=\"1536\" src=\"http:\/\/familie-heim.info\/wp-content\/uploads\/2025\/07\/Milchstrasse_4-2048x1536.jpg\" class=\"attachment-2048x2048 size-2048x2048 wp-image-251\" alt=\"\" srcset=\"http:\/\/familie-heim.info\/wp-content\/uploads\/2025\/07\/Milchstrasse_4-2048x1536.jpg 2048w, http:\/\/familie-heim.info\/wp-content\/uploads\/2025\/07\/Milchstrasse_4-300x225.jpg 300w, http:\/\/familie-heim.info\/wp-content\/uploads\/2025\/07\/Milchstrasse_4-1024x768.jpg 1024w, http:\/\/familie-heim.info\/wp-content\/uploads\/2025\/07\/Milchstrasse_4-768x576.jpg 768w, http:\/\/familie-heim.info\/wp-content\/uploads\/2025\/07\/Milchstrasse_4-1536x1152.jpg 1536w\" sizes=\"(max-width: 2048px) 100vw, 2048px\" \/>\t\t\t\t\t\t\t\t\t\t\t\t\t\t\t<\/div>\n\t\t\t\t<\/div>\n\t\t\t\t<div class=\"elementor-element elementor-element-a2b50ca elementor-widget elementor-widget-text-editor\" data-id=\"a2b50ca\" data-element_type=\"widget\" data-widget_type=\"text-editor.default\">\n\t\t\t\t<div class=\"elementor-widget-container\">\n\t\t\t\t\t\t\t\t\t<p>Mit etwas l\u00e4ngerer Belichtungszeit<\/p>\t\t\t\t\t\t\t\t<\/div>\n\t\t\t\t<\/div>\n\t\t\t\t\t<\/div>\n\t\t<\/div>\n\t\t\t\t\t<\/div>\n\t\t<\/section>\n\t\t\t\t\t<\/div>\n\t\t<\/div>\n\t\t\t\t\t<\/div>\n\t\t<\/section>\n\t\t\t\t<\/div>\n\t\t","protected":false},"excerpt":{"rendered":"<p>Akutell versuchen Tobias und ich uns damit Sterne zu Fotogrfieren. Hier unsere Ergebnisse. Bei unserem ersten Versuch im Januar 2025 haben wir einige sch\u00f6ne Fotos des Mondes gemacht. Dabei haben wir an meinem uralten Teleskop mit Adapter f\u00fcr eine Handyhalterung die nebenstehenden Aufnahmen gemacht. Bresser Teleskop uralt Handy Huawei P Smart \u00a0 Hier mein erster [&hellip;]<\/p>\n","protected":false},"author":1,"featured_media":0,"parent":0,"menu_order":0,"comment_status":"closed","ping_status":"closed","template":"","meta":{"ocean_post_layout":"","ocean_both_sidebars_style":"","ocean_both_sidebars_content_width":0,"ocean_both_sidebars_sidebars_width":0,"ocean_sidebar":"","ocean_second_sidebar":"","ocean_disable_margins":"enable","ocean_add_body_class":"","ocean_shortcode_before_top_bar":"","ocean_shortcode_after_top_bar":"","ocean_shortcode_before_header":"","ocean_shortcode_after_header":"","ocean_has_shortcode":"","ocean_shortcode_after_title":"","ocean_shortcode_before_footer_widgets":"","ocean_shortcode_after_footer_widgets":"","ocean_shortcode_before_footer_bottom":"","ocean_shortcode_after_footer_bottom":"","ocean_display_top_bar":"default","ocean_display_header":"default","ocean_header_style":"","ocean_center_header_left_menu":"","ocean_custom_header_template":"","ocean_custom_logo":0,"ocean_custom_retina_logo":0,"ocean_custom_logo_max_width":0,"ocean_custom_logo_tablet_max_width":0,"ocean_custom_logo_mobile_max_width":0,"ocean_custom_logo_max_height":0,"ocean_custom_logo_tablet_max_height":0,"ocean_custom_logo_mobile_max_height":0,"ocean_header_custom_menu":"","ocean_menu_typo_font_family":"","ocean_menu_typo_font_subset":"","ocean_menu_typo_font_size":0,"ocean_menu_typo_font_size_tablet":0,"ocean_menu_typo_font_size_mobile":0,"ocean_menu_typo_font_size_unit":"px","ocean_menu_typo_font_weight":"","ocean_menu_typo_font_weight_tablet":"","ocean_menu_typo_font_weight_mobile":"","ocean_menu_typo_transform":"","ocean_menu_typo_transform_tablet":"","ocean_menu_typo_transform_mobile":"","ocean_menu_typo_line_height":0,"ocean_menu_typo_line_height_tablet":0,"ocean_menu_typo_line_height_mobile":0,"ocean_menu_typo_line_height_unit":"","ocean_menu_typo_spacing":0,"ocean_menu_typo_spacing_tablet":0,"ocean_menu_typo_spacing_mobile":0,"ocean_menu_typo_spacing_unit":"","ocean_menu_link_color":"","ocean_menu_link_color_hover":"","ocean_menu_link_color_active":"","ocean_menu_link_background":"","ocean_menu_link_hover_background":"","ocean_menu_link_active_background":"","ocean_menu_social_links_bg":"","ocean_menu_social_hover_links_bg":"","ocean_menu_social_links_color":"","ocean_menu_social_hover_links_color":"","ocean_disable_title":"default","ocean_disable_heading":"default","ocean_post_title":"","ocean_post_subheading":"","ocean_post_title_style":"","ocean_post_title_background_color":"","ocean_post_title_background":0,"ocean_post_title_bg_image_position":"","ocean_post_title_bg_image_attachment":"","ocean_post_title_bg_image_repeat":"","ocean_post_title_bg_image_size":"","ocean_post_title_height":0,"ocean_post_title_bg_overlay":0.5,"ocean_post_title_bg_overlay_color":"","ocean_disable_breadcrumbs":"default","ocean_breadcrumbs_color":"","ocean_breadcrumbs_separator_color":"","ocean_breadcrumbs_links_color":"","ocean_breadcrumbs_links_hover_color":"","ocean_display_footer_widgets":"default","ocean_display_footer_bottom":"default","ocean_custom_footer_template":"","footnotes":""},"class_list":["post-175","page","type-page","status-publish","hentry","entry"],"_links":{"self":[{"href":"http:\/\/familie-heim.info\/index.php?rest_route=\/wp\/v2\/pages\/175","targetHints":{"allow":["GET"]}}],"collection":[{"href":"http:\/\/familie-heim.info\/index.php?rest_route=\/wp\/v2\/pages"}],"about":[{"href":"http:\/\/familie-heim.info\/index.php?rest_route=\/wp\/v2\/types\/page"}],"author":[{"embeddable":true,"href":"http:\/\/familie-heim.info\/index.php?rest_route=\/wp\/v2\/users\/1"}],"replies":[{"embeddable":true,"href":"http:\/\/familie-heim.info\/index.php?rest_route=%2Fwp%2Fv2%2Fcomments&post=175"}],"version-history":[{"count":13,"href":"http:\/\/familie-heim.info\/index.php?rest_route=\/wp\/v2\/pages\/175\/revisions"}],"predecessor-version":[{"id":260,"href":"http:\/\/familie-heim.info\/index.php?rest_route=\/wp\/v2\/pages\/175\/revisions\/260"}],"wp:attachment":[{"href":"http:\/\/familie-heim.info\/index.php?rest_route=%2Fwp%2Fv2%2Fmedia&parent=175"}],"curies":[{"name":"wp","href":"https:\/\/api.w.org\/{rel}","templated":true}]}}